{"id":20531,"date":"2021-12-13T22:21:17","date_gmt":"2021-12-13T21:21:17","guid":{"rendered":"https:\/\/serveisnela.com\/?page_id=20531"},"modified":"2022-01-17T20:09:15","modified_gmt":"2022-01-17T19:09:15","slug":"jardineria","status":"publish","type":"page","link":"https:\/\/serveisnela.com\/ca\/jardineria\/","title":{"rendered":"Jardineria"},"content":{"rendered":"<div data-elementor-type=\"wp-page\" data-elementor-id=\"20531\" class=\"elementor elementor-20531\">\n\t\t\t\t\t\t<section class=\"elementor-section elementor-top-section elementor-element elementor-element-3157667 elementor-section-height-min-height elementor-section-full_width elementor-section-stretched elementor-section-height-default elementor-section-items-middle\" data-id=\"3157667\" data-element_type=\"section\" data-settings=\"{&quot;stretch_section&quot;:&quot;section-stretched&quot;,&quot;background_background&quot;:&quot;video&quot;,&quot;background_video_link&quot;:&quot;https:\\\/\\\/serveisnela.com\\\/wp-content\\\/uploads\\\/2021\\\/12\\\/Lotus-Flowers-34854.mp4&quot;,&quot;background_play_on_mobile&quot;:&quot;yes&quot;}\">\n\t\t\t\t\t\t\t\t<div class=\"elementor-background-video-container\">\n\t\t\t\t\t\t\t\t\t\t\t\t\t<video class=\"elementor-background-video-hosted elementor-html5-video\" autoplay muted playsinline loop><\/video>\n\t\t\t\t\t\t\t\t\t\t\t<\/div>\n\t\t\t\t\t\t\t\t<div class=\"elementor-container elementor-column-gap-no\">\n\t\t\t\t\t<div class=\"elementor-column elementor-col-100 elementor-top-column elementor-element elementor-element-386141aa\" data-id=\"386141aa\" data-element_type=\"column\">\n\t\t\t<div class=\"elementor-widget-wrap elementor-element-populated\">\n\t\t\t\t\t\t<div class=\"elementor-element elementor-element-38eee500 elementor-widget__width-initial elementor-widget-tablet__width-initial elementor-widget-mobile__width-inherit elementor-invisible elementor-widget elementor-widget-animated-headline\" data-id=\"38eee500\" data-element_type=\"widget\" data-settings=\"{&quot;_animation&quot;:&quot;fadeIn&quot;,&quot;_animation_delay&quot;:200}\" data-widget_type=\"animated-headline.default\">\n\t\t\t\t<div class=\"elementor-widget-container\">\n\t\t\t \t\t<\/div>\n\t\t\t\t<\/div>\n\t\t\t\t<div class=\"elementor-element elementor-element-7fedd1b6 elementor-grid-1 elementor-widget__width-auto elementor-grid-mobile-3 elementor-widget-mobile__width-inherit elementor-shape-rounded e-grid-align-center elementor-widget elementor-widget-social-icons\" data-id=\"7fedd1b6\" data-element_type=\"widget\" data-widget_type=\"social-icons.default\">\n\t\t\t\t<div class=\"elementor-widget-container\">\n\t\t\t\t\t<div class=\"elementor-social-icons-wrapper elementor-grid\">\n\t\t\t\t\t\t\t<span class=\"elementor-grid-item\">\n\t\t\t\t\t<a class=\"elementor-icon elementor-social-icon elementor-social-icon-twitter elementor-animation-grow elementor-repeater-item-a613ce2\" target=\"_blank\">\n\t\t\t\t\t\t<span class=\"elementor-screen-only\">Twitter<\/span>\n\t\t\t\t\t\t<svg class=\"e-font-icon-svg e-fab-twitter\" viewbox=\"0 0 512 512\" xmlns=\"http:\/\/www.w3.org\/2000\/svg\"><path d=\"M459.37 151.716c.325 4.548.325 9.097.325 13.645 0 138.72-105.583 298.558-298.558 298.558-59.452 0-114.68-17.219-161.137-47.106 8.447.974 16.568 1.299 25.34 1.299 49.055 0 94.213-16.568 130.274-44.832-46.132-.975-84.792-31.188-98.112-72.772 6.498.974 12.995 1.624 19.818 1.624 9.421 0 18.843-1.3 27.614-3.573-48.081-9.747-84.143-51.98-84.143-102.985v-1.299c13.969 7.797 30.214 12.67 47.431 13.319-28.264-18.843-46.781-51.005-46.781-87.391 0-19.492 5.197-37.36 14.294-52.954 51.655 63.675 129.3 105.258 216.365 109.807-1.624-7.797-2.599-15.918-2.599-24.04 0-57.828 46.782-104.934 104.934-104.934 30.213 0 57.502 12.67 76.67 33.137 23.715-4.548 46.456-13.32 66.599-25.34-7.798 24.366-24.366 44.833-46.132 57.827 21.117-2.273 41.584-8.122 60.426-16.243-14.292 20.791-32.161 39.308-52.628 54.253z\"><\/path><\/svg>\t\t\t\t\t<\/a>\n\t\t\t\t<\/span>\n\t\t\t\t\t\t\t<span class=\"elementor-grid-item\">\n\t\t\t\t\t<a class=\"elementor-icon elementor-social-icon elementor-social-icon- elementor-animation-grow elementor-repeater-item-e71db4a\" target=\"_blank\">\n\t\t\t\t\t\t<span class=\"elementor-screen-only\"><\/span>\n\t\t\t\t\t\t<svg xmlns=\"http:\/\/www.w3.org\/2000\/svg\" id=\"b09f96b8-95f2-46c7-b6eb-0a31960c2604\" data-name=\"Layer 1\" width=\"21\" height=\"21\" viewbox=\"0 0 21 21\"><g id=\"a6c9e526-2a14-44e3-84b4-70759adab071\" data-name=\"Symbols\"><g id=\"a0f02291-caf8-4cd9-8f32-95c28e336266\" data-name=\"Footer\"><g id=\"bf3eb705-a119-4e4d-86cf-9092e6ffde76\" data-name=\"Footer\"><g id=\"a39da886-239d-4849-9d4a-09442fcfe353\" data-name=\"logo instagram\"><path id=\"b2718a8a-f4b0-42e9-9f17-210b8db68b66\" data-name=\"Combined-Shape\" d=\"M15.9967,0A5.008,5.008,0,0,1,21,5.0033V15.9967A5.008,5.008,0,0,1,15.9967,21H5.0033A5.008,5.008,0,0,1,0,15.9967V5.0033A5.008,5.008,0,0,1,5.0033,0ZM10.5,5.04a5.46,5.46,0,1,0,5.46,5.46A5.46,5.46,0,0,0,10.5,5.04Zm0,1.68A3.78,3.78,0,1,1,6.72,10.5,3.78,3.78,0,0,1,10.5,6.72Zm6.09-3.78a1.47,1.47,0,1,0,1.47,1.47A1.47,1.47,0,0,0,16.59,2.94Z\" style=\"fill-rule:evenodd\"><\/path><\/g><\/g><\/g><\/g><\/svg>\t\t\t\t\t<\/a>\n\t\t\t\t<\/span>\n\t\t\t\t\t\t\t<span class=\"elementor-grid-item\">\n\t\t\t\t\t<a class=\"elementor-icon elementor-social-icon elementor-social-icon-facebook-f elementor-animation-grow elementor-repeater-item-15dfdbc\" target=\"_blank\">\n\t\t\t\t\t\t<span class=\"elementor-screen-only\">Facebook-f<\/span>\n\t\t\t\t\t\t<svg class=\"e-font-icon-svg e-fab-facebook-f\" viewbox=\"0 0 320 512\" xmlns=\"http:\/\/www.w3.org\/2000\/svg\"><path d=\"M279.14 288l14.22-92.66h-88.91v-60.13c0-25.35 12.42-50.06 52.24-50.06h40.42V6.26S260.43 0 225.36 0c-73.22 0-121.08 44.38-121.08 124.72v70.62H22.89V288h81.39v224h100.17V288z\"><\/path><\/svg>\t\t\t\t\t<\/a>\n\t\t\t\t<\/span>\n\t\t\t\t\t<\/div>\n\t\t\t\t<\/div>\n\t\t\t\t<\/div>\n\t\t\t\t<div class=\"elementor-element elementor-element-80e9ecb elementor-invisible elementor-widget elementor-widget-heading\" data-id=\"80e9ecb\" data-element_type=\"widget\" data-settings=\"{&quot;_animation&quot;:&quot;fadeIn&quot;,&quot;_animation_delay&quot;:500}\" data-widget_type=\"heading.default\">\n\t\t\t\t<div class=\"elementor-widget-container\">\n\t\t\t<h4 class=\"elementor-heading-title elementor-size-default\">Qualsevol moment de l\u00b4any \u00e9s perfecte per gaudir del teu jard\u00ed<\/h4>\t\t<\/div>\n\t\t\t\t<\/div>\n\t\t\t\t\t<\/div>\n\t\t<\/div>\n\t\t\t\t\t<\/div>\n\t\t<\/section>\n\t\t\t\t<section class=\"elementor-section elementor-top-section elementor-element elementor-element-6ed87231 elementor-section-content-bottom elementor-section-boxed elementor-section-height-default elementor-section-height-default elementor-invisible\" data-id=\"6ed87231\" data-element_type=\"section\" data-settings=\"{&quot;animation&quot;:&quot;fadeIn&quot;,&quot;animation_delay&quot;:800}\">\n\t\t\t\t\t\t<div class=\"elementor-container elementor-column-gap-no\">\n\t\t\t\t\t<div class=\"elementor-column elementor-col-50 elementor-top-column elementor-element elementor-element-893b7b1\" data-id=\"893b7b1\" data-element_type=\"column\">\n\t\t\t<div class=\"elementor-widget-wrap elementor-element-populated\">\n\t\t\t\t\t\t<div class=\"elementor-element elementor-element-7a8ecbd9 elementor-widget elementor-widget-heading\" data-id=\"7a8ecbd9\" data-element_type=\"widget\" data-widget_type=\"heading.default\">\n\t\t\t\t<div class=\"elementor-widget-container\">\n\t\t\t<h2 class=\"elementor-heading-title elementor-size-default\">Explora els nostres \u00faltims treballs<\/h2>\t\t<\/div>\n\t\t\t\t<\/div>\n\t\t\t\t\t<\/div>\n\t\t<\/div>\n\t\t\t\t<div class=\"elementor-column elementor-col-50 elementor-top-column elementor-element elementor-element-5989671a\" data-id=\"5989671a\" data-element_type=\"column\">\n\t\t\t<div class=\"elementor-widget-wrap elementor-element-populated\">\n\t\t\t\t\t\t<div class=\"elementor-element elementor-element-6bf4a514 elementor-widget elementor-widget-heading\" data-id=\"6bf4a514\" data-element_type=\"widget\" data-widget_type=\"heading.default\">\n\t\t\t\t<div class=\"elementor-widget-container\">\n\t\t\t<p class=\"elementor-heading-title elementor-size-default\">5 proyectos de jard\u00edn<\/p>\t\t<\/div>\n\t\t\t\t<\/div>\n\t\t\t\t\t<\/div>\n\t\t<\/div>\n\t\t\t\t\t<\/div>\n\t\t<\/section>\n\t\t\t\t<section class=\"elementor-section elementor-top-section elementor-element elementor-element-a387d9f elementor-section-height-min-height elementor-section-items-stretch elementor-section-content-top elementor-section-boxed elementor-section-height-default\" data-id=\"a387d9f\" data-element_type=\"section\">\n\t\t\t\t\t\t<div class=\"elementor-container elementor-column-gap-no\">\n\t\t\t\t\t<div class=\"elementor-column elementor-col-50 elementor-top-column elementor-element elementor-element-b0e44ce\" data-id=\"b0e44ce\" data-element_type=\"column\">\n\t\t\t<div class=\"elementor-widget-wrap elementor-element-populated\">\n\t\t\t\t\t\t<div class=\"elementor-element elementor-element-1834e145 elementor-widget elementor-widget-spacer\" data-id=\"1834e145\" data-element_type=\"widget\" data-widget_type=\"spacer.default\">\n\t\t\t\t<div class=\"elementor-widget-container\">\n\t\t\t\t\t<div class=\"elementor-spacer\">\n\t\t\t<div class=\"elementor-spacer-inner\"><\/div>\n\t\t<\/div>\n\t\t\t\t<\/div>\n\t\t\t\t<\/div>\n\t\t\t\t\t<\/div>\n\t\t<\/div>\n\t\t\t\t<div class=\"elementor-column elementor-col-50 elementor-top-column elementor-element elementor-element-9f316cd\" data-id=\"9f316cd\" data-element_type=\"column\">\n\t\t\t<div class=\"elementor-widget-wrap elementor-element-populated\">\n\t\t\t\t\t\t<div class=\"elementor-element elementor-element-5c5d719 elementor-widget elementor-widget-heading\" data-id=\"5c5d719\" data-element_type=\"widget\" data-widget_type=\"heading.default\">\n\t\t\t\t<div class=\"elementor-widget-container\">\n\t\t\t<h3 class=\"elementor-heading-title elementor-size-default\">No deixis que tot sigui evident<\/h3>\t\t<\/div>\n\t\t\t\t<\/div>\n\t\t\t\t<div class=\"elementor-element elementor-element-38261987 elementor-widget elementor-widget-text-editor\" data-id=\"38261987\" data-element_type=\"widget\" data-widget_type=\"text-editor.default\">\n\t\t\t\t<div class=\"elementor-widget-container\">\n\t\t\t\t\t\t\t<p>No saps com dissenyar el teu jard\u00ed? Quines eines necessites per dissenyar el jard\u00ed? Com pot ser la decoraci\u00f3 del jard\u00ed? Jard\u00ed vertical o jardineres?<\/p><p>Dissenyar un jard\u00ed no \u00e9s f\u00e0cil. A l'hora de replantejar l'espai de qu\u00e8 disposeu has d'intentar que no tots els elements quedin exposats al primer cop d'ull. El factor descobriment s'ha d'imposar al disseny de qualsevol jard\u00ed. Compte, no t'estem dient que facis un laberint de bardisses, sin\u00f3 que has de comptar amb els racons, arbustos, tanques o qualsevol element que puguis utilitzar per crear racons especials que no es vegin d'una ullada.<\/p>\t\t\t\t\t\t<\/div>\n\t\t\t\t<\/div>\n\t\t\t\t\t<\/div>\n\t\t<\/div>\n\t\t\t\t\t<\/div>\n\t\t<\/section>\n\t\t\t\t<section class=\"elementor-section elementor-top-section elementor-element elementor-element-7cfa5a53 elementor-section-height-min-height elementor-section-items-stretch elementor-section-content-top elementor-section-boxed elementor-section-height-default\" data-id=\"7cfa5a53\" data-element_type=\"section\">\n\t\t\t\t\t\t<div class=\"elementor-container elementor-column-gap-no\">\n\t\t\t\t\t<div class=\"elementor-column elementor-col-50 elementor-top-column elementor-element elementor-element-2a8fb82\" data-id=\"2a8fb82\" data-element_type=\"column\" data-settings=\"{&quot;background_background&quot;:&quot;classic&quot;}\">\n\t\t\t<div class=\"elementor-widget-wrap elementor-element-populated\">\n\t\t\t\t\t\t<div class=\"elementor-element elementor-element-14a719de elementor-widget elementor-widget-spacer\" data-id=\"14a719de\" data-element_type=\"widget\" data-widget_type=\"spacer.default\">\n\t\t\t\t<div class=\"elementor-widget-container\">\n\t\t\t\t\t<div class=\"elementor-spacer\">\n\t\t\t<div class=\"elementor-spacer-inner\"><\/div>\n\t\t<\/div>\n\t\t\t\t<\/div>\n\t\t\t\t<\/div>\n\t\t\t\t\t<\/div>\n\t\t<\/div>\n\t\t\t\t<div class=\"elementor-column elementor-col-50 elementor-top-column elementor-element elementor-element-25ce393d\" data-id=\"25ce393d\" data-element_type=\"column\">\n\t\t\t<div class=\"elementor-widget-wrap elementor-element-populated\">\n\t\t\t\t\t\t<div class=\"elementor-element elementor-element-63dde7c0 elementor-widget elementor-widget-heading\" data-id=\"63dde7c0\" data-element_type=\"widget\" data-widget_type=\"heading.default\">\n\t\t\t\t<div class=\"elementor-widget-container\">\n\t\t\t<h3 class=\"elementor-heading-title elementor-size-default\">Defineix b\u00e9 els diferents espais.<\/h3>\t\t<\/div>\n\t\t\t\t<\/div>\n\t\t\t\t<div class=\"elementor-element elementor-element-1b458f07 elementor-widget elementor-widget-text-editor\" data-id=\"1b458f07\" data-element_type=\"widget\" data-widget_type=\"text-editor.default\">\n\t\t\t\t<div class=\"elementor-widget-container\">\n\t\t\t\t\t\t\t<p>Tens un espai a la teva parcel\u00b7la destinat al teu jard\u00ed per\u00f2 has d'integrar elements com ara una piscina, un menjador d'estiu, una barbacoa, una caseta d'eines, la caseta del gos\u2026 Potser et sembli exagerat per\u00f2 el que has de tenir clar \u00e9s que \u00e9s impossible posar tots aquests elements junts per aprofitar la resta de lespai i fer que quedi est\u00e8tica i funcionalment acceptable.<\/p><p>Cal definir els espais que cal crear i treballar a partir d'aquesta premissa. Quina part anir\u00e0 destinada a la cotxera? Doncs ser\u00e0 la m\u00e9s allunyada de la casa, la que m\u00e9s a prop estigui de la porta per evitar el pas de vehicles per l'espai d'oci. A m\u00e9s, podeu posar la caseta d'eines al costat de la cotxera i aix\u00ed diferenciar clarament espais i usos dels mateixos.<\/p>\t\t\t\t\t\t<\/div>\n\t\t\t\t<\/div>\n\t\t\t\t\t<\/div>\n\t\t<\/div>\n\t\t\t\t\t<\/div>\n\t\t<\/section>\n\t\t\t\t<section class=\"elementor-section elementor-top-section elementor-element elementor-element-3c2a2361 elementor-section-height-min-height elementor-section-items-stretch elementor-section-content-top elementor-section-boxed elementor-section-height-default\" data-id=\"3c2a2361\" data-element_type=\"section\">\n\t\t\t\t\t\t<div class=\"elementor-container elementor-column-gap-no\">\n\t\t\t\t\t<div class=\"elementor-column elementor-col-50 elementor-top-column elementor-element elementor-element-cf7c274\" data-id=\"cf7c274\" data-element_type=\"column\">\n\t\t\t<div class=\"elementor-widget-wrap elementor-element-populated\">\n\t\t\t\t\t\t<div class=\"elementor-element elementor-element-6ab15add elementor-widget elementor-widget-spacer\" data-id=\"6ab15add\" data-element_type=\"widget\" data-widget_type=\"spacer.default\">\n\t\t\t\t<div class=\"elementor-widget-container\">\n\t\t\t\t\t<div class=\"elementor-spacer\">\n\t\t\t<div class=\"elementor-spacer-inner\"><\/div>\n\t\t<\/div>\n\t\t\t\t<\/div>\n\t\t\t\t<\/div>\n\t\t\t\t\t<\/div>\n\t\t<\/div>\n\t\t\t\t<div class=\"elementor-column elementor-col-50 elementor-top-column elementor-element elementor-element-87d0ade\" data-id=\"87d0ade\" data-element_type=\"column\">\n\t\t\t<div class=\"elementor-widget-wrap elementor-element-populated\">\n\t\t\t\t\t\t<div class=\"elementor-element elementor-element-1379653b elementor-widget elementor-widget-heading\" data-id=\"1379653b\" data-element_type=\"widget\" data-widget_type=\"heading.default\">\n\t\t\t\t<div class=\"elementor-widget-container\">\n\t\t\t<h3 class=\"elementor-heading-title elementor-size-default\">Suavitza elements per millorar el conjunt<\/h3>\t\t<\/div>\n\t\t\t\t<\/div>\n\t\t\t\t<div class=\"elementor-element elementor-element-470be3f0 elementor-widget elementor-widget-text-editor\" data-id=\"470be3f0\" data-element_type=\"widget\" data-widget_type=\"text-editor.default\">\n\t\t\t\t<div class=\"elementor-widget-container\">\n\t\t\t\t\t\t\t<p>Si vols suavitzar alguns contorns durs del teu jard\u00ed, pots utilitzar plantes perennes que suavitzaran visualment aquestes zones. Si tens una zona angulosa i antiest\u00e8tica planta gespa i arrodonir\u00e0 els contorns, aix\u00ed aconseguir\u00e0 que els cantons resultin menys dominants i unificar\u00e0 el jard\u00ed.<\/p><p>\u00a0<\/p>\t\t\t\t\t\t<\/div>\n\t\t\t\t<\/div>\n\t\t\t\t\t<\/div>\n\t\t<\/div>\n\t\t\t\t\t<\/div>\n\t\t<\/section>\n\t\t\t\t<section class=\"elementor-section elementor-top-section elementor-element elementor-element-1f39b80d elementor-section-height-min-height elementor-section-items-stretch elementor-section-content-top elementor-section-boxed elementor-section-height-default\" data-id=\"1f39b80d\" data-element_type=\"section\">\n\t\t\t\t\t\t<div class=\"elementor-container elementor-column-gap-no\">\n\t\t\t\t\t<div class=\"elementor-column elementor-col-50 elementor-top-column elementor-element elementor-element-4b52653a\" data-id=\"4b52653a\" data-element_type=\"column\">\n\t\t\t<div class=\"elementor-widget-wrap elementor-element-populated\">\n\t\t\t\t\t\t<div class=\"elementor-element elementor-element-34d82ebf elementor-widget elementor-widget-spacer\" data-id=\"34d82ebf\" data-element_type=\"widget\" data-widget_type=\"spacer.default\">\n\t\t\t\t<div class=\"elementor-widget-container\">\n\t\t\t\t\t<div class=\"elementor-spacer\">\n\t\t\t<div class=\"elementor-spacer-inner\"><\/div>\n\t\t<\/div>\n\t\t\t\t<\/div>\n\t\t\t\t<\/div>\n\t\t\t\t\t<\/div>\n\t\t<\/div>\n\t\t\t\t<div class=\"elementor-column elementor-col-50 elementor-top-column elementor-element elementor-element-6c5ee383\" data-id=\"6c5ee383\" data-element_type=\"column\">\n\t\t\t<div class=\"elementor-widget-wrap elementor-element-populated\">\n\t\t\t\t\t\t<div class=\"elementor-element elementor-element-65fc3c21 elementor-widget elementor-widget-heading\" data-id=\"65fc3c21\" data-element_type=\"widget\" data-widget_type=\"heading.default\">\n\t\t\t\t<div class=\"elementor-widget-container\">\n\t\t\t<h3 class=\"elementor-heading-title elementor-size-default\">Cal generar amplitud<\/h3>\t\t<\/div>\n\t\t\t\t<\/div>\n\t\t\t\t<div class=\"elementor-element elementor-element-50ccd3a4 elementor-widget elementor-widget-text-editor\" data-id=\"50ccd3a4\" data-element_type=\"widget\" data-widget_type=\"text-editor.default\">\n\t\t\t\t<div class=\"elementor-widget-container\">\n\t\t\t\t\t\t\t<p>Independentment de la ubicaci\u00f3 de la parcel\u00b7la i de la mida d'aquesta has d'intentar que el teu jard\u00ed gaudeixi de la major amplitud possible. A ning\u00fa no li ve de gust passar la tarda en un jard\u00ed min\u00fascul ple de coses.<\/p><p>La mida no \u00e9s important, l'important \u00e9s que sembli ampli. En un jard\u00ed gran pots col\u00b7locar m\u00e9s elements, des de gandules fins a gronxadors per als nens, dutxes o fins i tot banys. En un jard\u00ed petit col\u00b7loca elements petits: no posis un sof\u00e0 de tres places si pots col\u00b7locar una bonica butaca, no posis una gran font si pots posar un petit estany, no posis un arbre si pots col\u00b7locar un arbust. No trenquis la confortabilitat del teu jard\u00ed amb elements pesants que atestiquin l'espai.<\/p>\t\t\t\t\t\t<\/div>\n\t\t\t\t<\/div>\n\t\t\t\t\t<\/div>\n\t\t<\/div>\n\t\t\t\t\t<\/div>\n\t\t<\/section>\n\t\t\t\t<section class=\"elementor-section elementor-top-section elementor-element elementor-element-56be4a24 elementor-section-height-min-height elementor-section-items-stretch elementor-section-content-top elementor-section-boxed elementor-section-height-default\" data-id=\"56be4a24\" data-element_type=\"section\">\n\t\t\t\t\t\t<div class=\"elementor-container elementor-column-gap-no\">\n\t\t\t\t\t<div class=\"elementor-column elementor-col-50 elementor-top-column elementor-element elementor-element-1d92d16f\" data-id=\"1d92d16f\" data-element_type=\"column\">\n\t\t\t<div class=\"elementor-widget-wrap elementor-element-populated\">\n\t\t\t\t\t\t<div class=\"elementor-element elementor-element-798d5033 elementor-widget elementor-widget-spacer\" data-id=\"798d5033\" data-element_type=\"widget\" data-widget_type=\"spacer.default\">\n\t\t\t\t<div class=\"elementor-widget-container\">\n\t\t\t\t\t<div class=\"elementor-spacer\">\n\t\t\t<div class=\"elementor-spacer-inner\"><\/div>\n\t\t<\/div>\n\t\t\t\t<\/div>\n\t\t\t\t<\/div>\n\t\t\t\t\t<\/div>\n\t\t<\/div>\n\t\t\t\t<div class=\"elementor-column elementor-col-50 elementor-top-column elementor-element elementor-element-7f35accb\" data-id=\"7f35accb\" data-element_type=\"column\">\n\t\t\t<div class=\"elementor-widget-wrap elementor-element-populated\">\n\t\t\t\t\t\t<div class=\"elementor-element elementor-element-25403406 elementor-widget elementor-widget-heading\" data-id=\"25403406\" data-element_type=\"widget\" data-widget_type=\"heading.default\">\n\t\t\t\t<div class=\"elementor-widget-container\">\n\t\t\t<h3 class=\"elementor-heading-title elementor-size-default\">Tria les formes en el disseny del jard\u00ed<\/h3>\t\t<\/div>\n\t\t\t\t<\/div>\n\t\t\t\t<div class=\"elementor-element elementor-element-5208ac2b elementor-widget elementor-widget-text-editor\" data-id=\"5208ac2b\" data-element_type=\"widget\" data-widget_type=\"text-editor.default\">\n\t\t\t\t<div class=\"elementor-widget-container\">\n\t\t\t\t\t\t\t<p align=\"left\">La primera manera que has de tenir en compte \u00e9s el disseny de la parcel\u00b7la, ja que condicionar\u00e0 el disseny del jard\u00ed des del primer moment. Has d'intentar potenciar o suavitzar la forma de la parcel\u00b7la amb els components que inclourem en el disseny.<\/p><p align=\"left\">Si la parcel\u00b7la t\u00e9 formes rectes i arestes has d'afegir formes corbes per suavitzar-la, com a arbustos podats amb formes circulars, cantell<u> rodat<\/u>, senders corbs, estany rod\u00f3\u2026<\/p><p align=\"left\">Si la parcel\u00b7la \u00e9s estreta i allargada pots dividir-la en seccions per crear elements m\u00e9s quadrats i proporcionals que ajudaran a crear una sensaci\u00f3 m\u00e9s suau de l'espai.<\/p><p align=\"left\">Si per contra la teva parcel\u00b7la \u00e9s triangular has de suavitzar les cantonades posant-hi espais arrodonits per debilitar la brusquedat de les arestes.<\/p>\t\t\t\t\t\t<\/div>\n\t\t\t\t<\/div>\n\t\t\t\t\t<\/div>\n\t\t<\/div>\n\t\t\t\t\t<\/div>\n\t\t<\/section>\n\t\t\t\t<\/div>","protected":false},"excerpt":{"rendered":"<p>Jardiner\u00eda \u2014 Dise\u00f1o y mantenimiento Twitter Facebook-f Cualquier momento del a\u00f1o es perfecto para disfrutar de tu jard\u00edn Explora nuestros ultimos trabajos 5 proyectos de jard\u00edn No dejes que todo sea evidente \u00bfNo sabes c\u00f3mo dise\u00f1ar tu jard\u00edn? \u00bfQu\u00e9 herramientas necesitas para dise\u00f1ar el jard\u00edn? \u00bfC\u00f3mo puede ser la decoraci\u00f3n del jard\u00edn? \u00bfJard\u00edn vertical o jardineras? Dise\u00f1ar un jard\u00edn no es f\u00e1cil. A la &#8230;<\/p>","protected":false},"author":1,"featured_media":0,"parent":0,"menu_order":0,"comment_status":"closed","ping_status":"closed","template":"","meta":{"footnotes":""},"class_list":["post-20531","page","type-page","status-publish","hentry"],"jetpack_sharing_enabled":true,"_links":{"self":[{"href":"https:\/\/serveisnela.com\/ca\/wp-json\/wp\/v2\/pages\/20531"}],"collection":[{"href":"https:\/\/serveisnela.com\/ca\/wp-json\/wp\/v2\/pages"}],"about":[{"href":"https:\/\/serveisnela.com\/ca\/wp-json\/wp\/v2\/types\/page"}],"author":[{"embeddable":true,"href":"https:\/\/serveisnela.com\/ca\/wp-json\/wp\/v2\/users\/1"}],"replies":[{"embeddable":true,"href":"https:\/\/serveisnela.com\/ca\/wp-json\/wp\/v2\/comments?post=20531"}],"version-history":[{"count":0,"href":"https:\/\/serveisnela.com\/ca\/wp-json\/wp\/v2\/pages\/20531\/revisions"}],"wp:attachment":[{"href":"https:\/\/serveisnela.com\/ca\/wp-json\/wp\/v2\/media?parent=20531"}],"curies":[{"name":"wp","href":"https:\/\/api.w.org\/{rel}","templated":true}]}}