{"id":24465,"date":"2023-11-10T18:40:33","date_gmt":"2023-11-10T17:40:33","guid":{"rendered":"https:\/\/serveisnela.com\/politica-de-cookies-ue\/"},"modified":"2023-11-10T18:47:10","modified_gmt":"2023-11-10T17:47:10","slug":"politica-de-cookies-ue","status":"publish","type":"page","link":"https:\/\/serveisnela.com\/ca\/politica-de-cookies-ue\/","title":{"rendered":"Pol\u00edtica de cookies (UE)"},"content":{"rendered":"<!-- Legal document generated by Complianz | GDPR\/CCPA Cookie Consent https:\/\/wordpress.org\/plugins\/complianz-gdpr -->\n<div id=\"cmplz-document\" class=\"cmplz-document cookie-statement cmplz-document-eu\"><p><i>Aquesta pol\u00edtica de cookies es va actualitzar per \u00faltima vegada el 22\/11\/2023 i s\u2019aplica als ciutadans i residents legals permanents de l\u2019Espai Econ\u00f2mic Europeu.<\/i><br><\/p><h2>1. Introducci\u00f3<\/h2><p>El nostre lloc web, <a href=\"https:\/\/serveisnela.com\/ca\">https:\/\/serveisnela.com\/ca<\/a> (d'ara endavant  \"el lloc web\") utilitza cookies i altres tecnologies relacionades (per comoditat, totes les tecnologies es denominen  \"cookies\"). Les cookies tamb\u00e9 s\u00f3n col\u00b7locades per tercers que hem contractat. En el document seg\u00fcent us informem sobre l'\u00fas de les cookies al nostre lloc web.<\/p><h2>2. Qu\u00e8 s\u00f3n les cookies?<\/h2><p>Una cookie \u00e9s un fitxer petit i senzill que s'envia juntament amb p\u00e0gines d'aquest lloc web i que el vostre navegador emmagatzema al disc dur de l'ordinador o un altre dispositiu. La informaci\u00f3 emmagatzemada en ell es pot tornar als nostres servidors o als servidors dels tercers corresponents durant una visita posterior.<\/p><h2>3. Qu\u00e8 s\u00f3n els scripts?<\/h2><p>Un script \u00e9s una pe\u00e7a de codi de programari que s'utilitza per a que el nostre web funcioni correctament i interactivament. Aquest codi s'executa al nostre servidor o al vostre dispositiu.<\/p><h2>4. Qu\u00e8 \u00e9s un web beacon?<\/h2><p>Una balisa web (o una etiqueta de p\u00edxel) \u00e9s una petita i invisible pe\u00e7a de text o imatge en un lloc web que s'utilitza per controlar el tr\u00e0nsit d'un lloc web. Per fer-ho, s'emmagatzemen diverses dades utilitzant balises web.<\/p><h2>5. Cookies<\/h2><p class=\"cmplz-subtitle\">5.1 Cookies t\u00e8cniques o funcionals<\/p><p>Algunes cookies asseguren que certes parts del lloc web funcionen correctament i que les prefer\u00e8ncies dels usuaris segueixin sent conegudes. Utilitzant cookies funcionals, us facilitem que visiteu el nostre lloc web. D'aquesta manera, no cal que introdu\u00efu repetidament la mateixa informaci\u00f3 quan visiteu el nostre lloc web i, per exemple, els elements romanen al carret\u00f3 de la compra fins que h\u00e0giu pagat. Podem posar aquestes cookies sense el vostre consentiment.<\/p><p class=\"cmplz-subtitle\">5.2 Cookies de m\u00e0rqueting\/rastreig<\/p><p>Les cookies de m\u00e0rqueting o de rastreig s\u00f3n cookies o qualsevol altra forma d'emmagatzematge local, utilitzat per crear perfils d'usuari per mostrar anuncis o per rastrejar l'usuari en aquest lloc web o a trav\u00e9s d'altres llocs web per a prop\u00f2sits de m\u00e0rqueting similars.<\/p><p class=\"cmplz-subtitle\">5.3 Botons de mitjans socials<\/p><p>On our website, we have included content from WhatsApp to promote web pages (e.g. \u201clike\u201d, \u201cpin\u201d) or share (e.g. \u201ctweet\u201d) on social networks like WhatsApp. This content is embedded with code derived from WhatsApp and places cookies. This content might store and process certain information for personalized advertising.<\/p><p>Llegiu, si us plau, la pol\u00edtica de privacitat d'aquestes xarxes socials (que poden canviar regularment) per entendre qu\u00e8 fan amb les vostres dades personals processades utilitzant aquestes cookies. Les dades recuperades s\u00f3n anonimitzades el m\u00e0xim possible. WhatsApp est\u00e0 ubicat als Estats Units d'Am\u00e8rica.<\/p><h2>6. Cookies col\u00b7locades<\/h2><div id=\"cmplz-cookies-overview\"><details class=\"cmplz-dropdown cmplz-service-desc cmplz-dropdown-cookiepolicy\">\n\t<summary class=\"cmplz-service-header\"><div>\n\t\t<h3>WordPress<\/h3>\n\t\t<p>Prop\u00f2sit pendent d'investigaci\u00f3<\/p>\n\t\t<label for=\"cmplz_service_wordpress\" class=\"cmplz_consent_per_service_label\"><span class=\"screen-reader-text\">Consent to service wordpress<\/span><\/label>\n\t\t<input type=\"checkbox\" id=\"cmplz_service_wordpress\" class=\"cmplz-accept-service cmplz-hidden\" data-service=\"wordpress\" data-category=\"functional\"><\/div>\n\t<\/summary>\n\t<div class=\"cmplz-service-description\">\n\t\t<h4>\u00das<\/h4>\n\t\t<p>Utilitzem WordPress per a desenvolupament del lloc web. <a target=\"_blank\" rel=\"noopener noreferrer nofollow\" href=\"https:\/\/cookiedatabase.org\/service\/wordpress\/\">Saber m\u00e9s<\/a><\/p>\n\t<\/div>\n\t<div class=\"cmplz-sharing-data\">\n\t\t<h4>Compartici\u00f3 de dades<\/h4>\n\t\t<p>Aquestes dades no s\u00f3n compartides amb tercers.<\/p>\n\t<\/div>\n\t<div class=\"cookies-per-purpose\">\n    <div class=\"purpose\"><h4>Prop\u00f2sit pendent d'investigaci\u00f3<\/h4><\/div>\n    <div class=\"name-header\">\n\t<h5>Nom<\/h5>\n<\/div>\n<div class=\"name\"><a target=\"_blank\" rel=\"noopener noreferrer nofollow\" href=\"https:\/\/cookiedatabase.org\/cookie\/wordpress\/wpemojisettingssupports\/\">wpEmojiSettingsSupports<\/a><\/div>\n<div class=\"retention-header\">\n\t<h5>Caducitat<\/h5>\n<\/div>\n<div class=\"retention\"><\/div>\n<div class=\"function-header\">\n\t<h5>Funci\u00f3<\/h5>\n<\/div>\n<div class=\"function\"><\/div>\n<div class=\"name-header\">\n\t<h5>Nom<\/h5>\n<\/div>\n<div class=\"name\"><a target=\"_blank\" rel=\"noopener noreferrer nofollow\" href=\"https:\/\/cookiedatabase.org\/cookie\/wordpress\/wp-settings-time\/\">wp-settings-time-*<\/a><\/div>\n<div class=\"retention-header\">\n\t<h5>Caducitat<\/h5>\n<\/div>\n<div class=\"retention\"><\/div>\n<div class=\"function-header\">\n\t<h5>Funci\u00f3<\/h5>\n<\/div>\n<div class=\"function\"><\/div>\n<div class=\"name-header\">\n\t<h5>Nom<\/h5>\n<\/div>\n<div class=\"name\"><a target=\"_blank\" rel=\"noopener noreferrer nofollow\" href=\"https:\/\/cookiedatabase.org\/cookie\/wordpress\/wp-settings\/\">wp-settings-*<\/a><\/div>\n<div class=\"retention-header\">\n\t<h5>Caducitat<\/h5>\n<\/div>\n<div class=\"retention\"><\/div>\n<div class=\"function-header\">\n\t<h5>Funci\u00f3<\/h5>\n<\/div>\n<div class=\"function\"><\/div>\n<div class=\"name-header\">\n\t<h5>Nom<\/h5>\n<\/div>\n<div class=\"name\"><a target=\"_blank\" rel=\"noopener noreferrer nofollow\" href=\"https:\/\/cookiedatabase.org\/cookie\/wordpress\/wordpress_test_cookie\/\">wordpress_test_cookie<\/a><\/div>\n<div class=\"retention-header\">\n\t<h5>Caducitat<\/h5>\n<\/div>\n<div class=\"retention\"><\/div>\n<div class=\"function-header\">\n\t<h5>Funci\u00f3<\/h5>\n<\/div>\n<div class=\"function\"><\/div>\n<div class=\"name-header\">\n\t<h5>Nom<\/h5>\n<\/div>\n<div class=\"name\"><a target=\"_blank\" rel=\"noopener noreferrer nofollow\" href=\"https:\/\/cookiedatabase.org\/cookie\/wordpress\/wordpress_logged_in_\/\">wordpress_logged_in_*<\/a><\/div>\n<div class=\"retention-header\">\n\t<h5>Caducitat<\/h5>\n<\/div>\n<div class=\"retention\"><\/div>\n<div class=\"function-header\">\n\t<h5>Funci\u00f3<\/h5>\n<\/div>\n<div class=\"function\"><\/div>\n\n<\/div>\n<\/details>\n<details class=\"cmplz-dropdown cmplz-service-desc cmplz-dropdown-cookiepolicy\">\n\t<summary class=\"cmplz-service-header\"><div>\n\t\t<h3>Complianz<\/h3>\n\t\t<p>Prop\u00f2sit pendent d'investigaci\u00f3<\/p>\n\t\t<label for=\"cmplz_service_complianz\" class=\"cmplz_consent_per_service_label\"><span class=\"screen-reader-text\">Consent to service complianz<\/span><\/label>\n\t\t<input type=\"checkbox\" id=\"cmplz_service_complianz\" class=\"cmplz-accept-service cmplz-hidden\" data-service=\"complianz\" data-category=\"functional\"><\/div>\n\t<\/summary>\n\t<div class=\"cmplz-service-description\">\n\t\t<h4>\u00das<\/h4>\n\t\t<p>Utilitzem Complianz per a gesti\u00f3 del consentiment de cookies. <a target=\"_blank\" rel=\"noopener noreferrer nofollow\" href=\"https:\/\/cookiedatabase.org\/service\/complianz\/\">Saber m\u00e9s<\/a><\/p>\n\t<\/div>\n\t<div class=\"cmplz-sharing-data\">\n\t\t<h4>Compartici\u00f3 de dades<\/h4>\n\t\t<p>Aquestes dades no s\u00f3n compartides amb tercers.&nbsp;Per a m\u00e9s informaci\u00f3, llegiu si us plau la <a target=\"_blank\" rel=\"noopener noreferrer\" href=\"https:\/\/complianz.io\/legal\/privacy-statement\/\">pol\u00edtica de privacitat de Complianz<\/a>.<\/p>\n\t<\/div>\n\t<div class=\"cookies-per-purpose\">\n    <div class=\"purpose\"><h4>Prop\u00f2sit pendent d'investigaci\u00f3<\/h4><\/div>\n    <div class=\"name-header\">\n\t<h5>Nom<\/h5>\n<\/div>\n<div class=\"name\"><a target=\"_blank\" rel=\"noopener noreferrer nofollow\" href=\"https:\/\/cookiedatabase.org\/cookie\/complianz\/cmplz_consented_services\/\">cmplz_consented_services<\/a><\/div>\n<div class=\"retention-header\">\n\t<h5>Caducitat<\/h5>\n<\/div>\n<div class=\"retention\">365 dies<\/div>\n<div class=\"function-header\">\n\t<h5>Funci\u00f3<\/h5>\n<\/div>\n<div class=\"function\"><\/div>\n<div class=\"name-header\">\n\t<h5>Nom<\/h5>\n<\/div>\n<div class=\"name\"><a target=\"_blank\" rel=\"noopener noreferrer nofollow\" href=\"https:\/\/cookiedatabase.org\/cookie\/complianz\/cmplz_marketing\/\">cmplz_marketing<\/a><\/div>\n<div class=\"retention-header\">\n\t<h5>Caducitat<\/h5>\n<\/div>\n<div class=\"retention\">365 dies<\/div>\n<div class=\"function-header\">\n\t<h5>Funci\u00f3<\/h5>\n<\/div>\n<div class=\"function\"><\/div>\n<div class=\"name-header\">\n\t<h5>Nom<\/h5>\n<\/div>\n<div class=\"name\"><a target=\"_blank\" rel=\"noopener noreferrer nofollow\" href=\"https:\/\/cookiedatabase.org\/cookie\/complianz\/cmplz_statistics\/\">cmplz_statistics<\/a><\/div>\n<div class=\"retention-header\">\n\t<h5>Caducitat<\/h5>\n<\/div>\n<div class=\"retention\">365 dies<\/div>\n<div class=\"function-header\">\n\t<h5>Funci\u00f3<\/h5>\n<\/div>\n<div class=\"function\"><\/div>\n<div class=\"name-header\">\n\t<h5>Nom<\/h5>\n<\/div>\n<div class=\"name\"><a target=\"_blank\" rel=\"noopener noreferrer nofollow\" href=\"https:\/\/cookiedatabase.org\/cookie\/complianz\/cmplz_preferences\/\">cmplz_preferences<\/a><\/div>\n<div class=\"retention-header\">\n\t<h5>Caducitat<\/h5>\n<\/div>\n<div class=\"retention\">365 dies<\/div>\n<div class=\"function-header\">\n\t<h5>Funci\u00f3<\/h5>\n<\/div>\n<div class=\"function\"><\/div>\n<div class=\"name-header\">\n\t<h5>Nom<\/h5>\n<\/div>\n<div class=\"name\"><a target=\"_blank\" rel=\"noopener noreferrer nofollow\" href=\"https:\/\/cookiedatabase.org\/cookie\/complianz\/cmplz_functional\/\">cmplz_functional<\/a><\/div>\n<div class=\"retention-header\">\n\t<h5>Caducitat<\/h5>\n<\/div>\n<div class=\"retention\">365 dies<\/div>\n<div class=\"function-header\">\n\t<h5>Funci\u00f3<\/h5>\n<\/div>\n<div class=\"function\"><\/div>\n<div class=\"name-header\">\n\t<h5>Nom<\/h5>\n<\/div>\n<div class=\"name\"><a target=\"_blank\" rel=\"noopener noreferrer nofollow\" href=\"https:\/\/cookiedatabase.org\/cookie\/complianz\/cmplz_banner-status\/\">cmplz_banner-status<\/a><\/div>\n<div class=\"retention-header\">\n\t<h5>Caducitat<\/h5>\n<\/div>\n<div class=\"retention\">365 dies<\/div>\n<div class=\"function-header\">\n\t<h5>Funci\u00f3<\/h5>\n<\/div>\n<div class=\"function\"><\/div>\n<div class=\"name-header\">\n\t<h5>Nom<\/h5>\n<\/div>\n<div class=\"name\"><a target=\"_blank\" rel=\"noopener noreferrer nofollow\" href=\"https:\/\/cookiedatabase.org\/cookie\/complianz\/cmplz_policy_id\/\">cmplz_policy_id<\/a><\/div>\n<div class=\"retention-header\">\n\t<h5>Caducitat<\/h5>\n<\/div>\n<div class=\"retention\">365 dies<\/div>\n<div class=\"function-header\">\n\t<h5>Funci\u00f3<\/h5>\n<\/div>\n<div class=\"function\"><\/div>\n<div class=\"name-header\">\n\t<h5>Nom<\/h5>\n<\/div>\n<div class=\"name\"><a target=\"_blank\" rel=\"noopener noreferrer nofollow\" href=\"https:\/\/cookiedatabase.org\/cookie\/complianz\/cmplz_user_data\/\">cmplz_user_data<\/a><\/div>\n<div class=\"retention-header\">\n\t<h5>Caducitat<\/h5>\n<\/div>\n<div class=\"retention\">365 dies<\/div>\n<div class=\"function-header\">\n\t<h5>Funci\u00f3<\/h5>\n<\/div>\n<div class=\"function\"><\/div>\n\n<\/div>\n<\/details>\n<details class=\"cmplz-dropdown cmplz-service-desc cmplz-dropdown-cookiepolicy\">\n\t<summary class=\"cmplz-service-header\"><div>\n\t\t<h3>Wordfence<\/h3>\n\t\t<p>Prop\u00f2sit pendent d'investigaci\u00f3<\/p>\n\t\t<label for=\"cmplz_service_wordfence\" class=\"cmplz_consent_per_service_label\"><span class=\"screen-reader-text\">Consent to service wordfence<\/span><\/label>\n\t\t<input type=\"checkbox\" id=\"cmplz_service_wordfence\" class=\"cmplz-accept-service cmplz-hidden\" data-service=\"wordfence\" data-category=\"functional\"><\/div>\n\t<\/summary>\n\t<div class=\"cmplz-service-description\">\n\t\t<h4>\u00das<\/h4>\n\t\t<p>Utilitzem Wordfence per a seguretat del lloc web. <a target=\"_blank\" rel=\"noopener noreferrer nofollow\" href=\"https:\/\/cookiedatabase.org\/service\/wordfence\/\">Saber m\u00e9s<\/a><\/p>\n\t<\/div>\n\t<div class=\"cmplz-sharing-data\">\n\t\t<h4>Compartici\u00f3 de dades<\/h4>\n\t\t<p>Per a m\u00e9s informaci\u00f3, llegiu si us plau la <a target=\"_blank\" rel=\"noopener noreferrer nofollow\" href=\"https:\/\/www.wordfence.com\/privacy-policy\/\">pol\u00edtica de privacitat de Wordfence<\/a>.<\/p>\n\t<\/div>\n\t<div class=\"cookies-per-purpose\">\n    <div class=\"purpose\"><h4>Prop\u00f2sit pendent d'investigaci\u00f3<\/h4><\/div>\n    <div class=\"name-header\">\n\t<h5>Nom<\/h5>\n<\/div>\n<div class=\"name\"><a target=\"_blank\" rel=\"noopener noreferrer nofollow\" href=\"https:\/\/cookiedatabase.org\/cookie\/wordfence\/wfwaf-authcookie\/\">wfwaf-authcookie*<\/a><\/div>\n<div class=\"retention-header\">\n\t<h5>Caducitat<\/h5>\n<\/div>\n<div class=\"retention\"><\/div>\n<div class=\"function-header\">\n\t<h5>Funci\u00f3<\/h5>\n<\/div>\n<div class=\"function\"><\/div>\n\n<\/div>\n<\/details>\n<details class=\"cmplz-dropdown cmplz-service-desc cmplz-dropdown-cookiepolicy\">\n\t<summary class=\"cmplz-service-header\"><div>\n\t\t<h3>Elementor<\/h3>\n\t\t<p>Prop\u00f2sit pendent d'investigaci\u00f3<\/p>\n\t\t<label for=\"cmplz_service_elementor\" class=\"cmplz_consent_per_service_label\"><span class=\"screen-reader-text\">Consent to service elementor<\/span><\/label>\n\t\t<input type=\"checkbox\" id=\"cmplz_service_elementor\" class=\"cmplz-accept-service cmplz-hidden\" data-service=\"elementor\" data-category=\"functional\"><\/div>\n\t<\/summary>\n\t<div class=\"cmplz-service-description\">\n\t\t<h4>\u00das<\/h4>\n\t\t<p>Utilitzem Elementor per a creaci\u00f3 de contingut. <a target=\"_blank\" rel=\"noopener noreferrer nofollow\" href=\"https:\/\/cookiedatabase.org\/service\/elementor\/\">Saber m\u00e9s<\/a><\/p>\n\t<\/div>\n\t<div class=\"cmplz-sharing-data\">\n\t\t<h4>Compartici\u00f3 de dades<\/h4>\n\t\t<p>Aquestes dades no s\u00f3n compartides amb tercers.<\/p>\n\t<\/div>\n\t<div class=\"cookies-per-purpose\">\n    <div class=\"purpose\"><h4>Prop\u00f2sit pendent d'investigaci\u00f3<\/h4><\/div>\n    <div class=\"name-header\">\n\t<h5>Nom<\/h5>\n<\/div>\n<div class=\"name\"><a target=\"_blank\" rel=\"noopener noreferrer nofollow\" href=\"https:\/\/cookiedatabase.org\/cookie\/elementor\/elementor\/\">elementor<\/a><\/div>\n<div class=\"retention-header\">\n\t<h5>Caducitat<\/h5>\n<\/div>\n<div class=\"retention\"><\/div>\n<div class=\"function-header\">\n\t<h5>Funci\u00f3<\/h5>\n<\/div>\n<div class=\"function\"><\/div>\n\n<\/div>\n<\/details>\n<details class=\"cmplz-dropdown cmplz-service-desc cmplz-dropdown-cookiepolicy\">\n\t<summary class=\"cmplz-service-header\"><div>\n\t\t<h3>Miscel\u00b7l\u00e0nia<\/h3>\n\t\t<p>Prop\u00f2sit pendent d'investigaci\u00f3<\/p>\n\t\t<label for=\"cmplz_service_miscel\u00b7l\u00e0nia\" class=\"cmplz_consent_per_service_label\"><span class=\"screen-reader-text\">Consent to service miscel\u00b7l\u00e0nia<\/span><\/label>\n\t\t<input type=\"checkbox\" id=\"cmplz_service_miscel\u00b7l\u00e0nia\" class=\"cmplz-accept-service cmplz-hidden\" data-service=\"miscel\u00b7l\u00e0nia\" data-category=\"functional\"><\/div>\n\t<\/summary>\n\t<div class=\"cmplz-service-description\">\n\t\t<h4>\u00das<\/h4>\n\t\t<p><\/p>\n\t<\/div>\n\t<div class=\"cmplz-sharing-data\">\n\t\t<h4>Compartici\u00f3 de dades<\/h4>\n\t\t<p>La compartici\u00f3 de dades est\u00e0 pendent d'investigaci\u00f3.<\/p>\n\t<\/div>\n\t<div class=\"cookies-per-purpose\">\n    <div class=\"purpose\"><h4>Prop\u00f2sit pendent d'investigaci\u00f3<\/h4><\/div>\n    <div class=\"name-header\">\n\t<h5>Nom<\/h5>\n<\/div>\n<div class=\"name\">tusSupport<\/div>\n<div class=\"retention-header\">\n\t<h5>Caducitat<\/h5>\n<\/div>\n<div class=\"retention\"><\/div>\n<div class=\"function-header\">\n\t<h5>Funci\u00f3<\/h5>\n<\/div>\n<div class=\"function\"><\/div>\n<div class=\"name-header\">\n\t<h5>Nom<\/h5>\n<\/div>\n<div class=\"name\">WP_DATA_USER_1<\/div>\n<div class=\"retention-header\">\n\t<h5>Caducitat<\/h5>\n<\/div>\n<div class=\"retention\"><\/div>\n<div class=\"function-header\">\n\t<h5>Funci\u00f3<\/h5>\n<\/div>\n<div class=\"function\"><\/div>\n<div class=\"name-header\">\n\t<h5>Nom<\/h5>\n<\/div>\n<div class=\"name\">WP_PREFERENCES_USER_1<\/div>\n<div class=\"retention-header\">\n\t<h5>Caducitat<\/h5>\n<\/div>\n<div class=\"retention\"><\/div>\n<div class=\"function-header\">\n\t<h5>Funci\u00f3<\/h5>\n<\/div>\n<div class=\"function\"><\/div>\n<div class=\"name-header\">\n\t<h5>Nom<\/h5>\n<\/div>\n<div class=\"name\">cmplz_saved_categories<\/div>\n<div class=\"retention-header\">\n\t<h5>Caducitat<\/h5>\n<\/div>\n<div class=\"retention\">365 dies<\/div>\n<div class=\"function-header\">\n\t<h5>Funci\u00f3<\/h5>\n<\/div>\n<div class=\"function\"><\/div>\n<div class=\"name-header\">\n\t<h5>Nom<\/h5>\n<\/div>\n<div class=\"name\">cmplz_saved_services<\/div>\n<div class=\"retention-header\">\n\t<h5>Caducitat<\/h5>\n<\/div>\n<div class=\"retention\">365 dies<\/div>\n<div class=\"function-header\">\n\t<h5>Funci\u00f3<\/h5>\n<\/div>\n<div class=\"function\"><\/div>\n<div class=\"name-header\">\n\t<h5>Nom<\/h5>\n<\/div>\n<div class=\"name\">cmplz_id<\/div>\n<div class=\"retention-header\">\n\t<h5>Caducitat<\/h5>\n<\/div>\n<div class=\"retention\">365 dies<\/div>\n<div class=\"function-header\">\n\t<h5>Funci\u00f3<\/h5>\n<\/div>\n<div class=\"function\"><\/div>\n<div class=\"name-header\">\n\t<h5>Nom<\/h5>\n<\/div>\n<div class=\"name\">trp_language<\/div>\n<div class=\"retention-header\">\n\t<h5>Caducitat<\/h5>\n<\/div>\n<div class=\"retention\"><\/div>\n<div class=\"function-header\">\n\t<h5>Funci\u00f3<\/h5>\n<\/div>\n<div class=\"function\"><\/div>\n<div class=\"name-header\">\n\t<h5>Nom<\/h5>\n<\/div>\n<div class=\"name\">tk_ai<\/div>\n<div class=\"retention-header\">\n\t<h5>Caducitat<\/h5>\n<\/div>\n<div class=\"retention\"><\/div>\n<div class=\"function-header\">\n\t<h5>Funci\u00f3<\/h5>\n<\/div>\n<div class=\"function\"><\/div>\n<div class=\"name-header\">\n\t<h5>Nom<\/h5>\n<\/div>\n<div class=\"name\">wpestate_favorites<\/div>\n<div class=\"retention-header\">\n\t<h5>Caducitat<\/h5>\n<\/div>\n<div class=\"retention\"><\/div>\n<div class=\"function-header\">\n\t<h5>Funci\u00f3<\/h5>\n<\/div>\n<div class=\"function\"><\/div>\n<div class=\"name-header\">\n\t<h5>Nom<\/h5>\n<\/div>\n<div class=\"name\">tk_qs<\/div>\n<div class=\"retention-header\">\n\t<h5>Caducitat<\/h5>\n<\/div>\n<div class=\"retention\"><\/div>\n<div class=\"function-header\">\n\t<h5>Funci\u00f3<\/h5>\n<\/div>\n<div class=\"function\"><\/div>\n<div class=\"name-header\">\n\t<h5>Nom<\/h5>\n<\/div>\n<div class=\"name\">_ga<\/div>\n<div class=\"retention-header\">\n\t<h5>Caducitat<\/h5>\n<\/div>\n<div class=\"retention\"><\/div>\n<div class=\"function-header\">\n\t<h5>Funci\u00f3<\/h5>\n<\/div>\n<div class=\"function\"><\/div>\n<div class=\"name-header\">\n\t<h5>Nom<\/h5>\n<\/div>\n<div class=\"name\">_gid<\/div>\n<div class=\"retention-header\">\n\t<h5>Caducitat<\/h5>\n<\/div>\n<div class=\"retention\"><\/div>\n<div class=\"function-header\">\n\t<h5>Funci\u00f3<\/h5>\n<\/div>\n<div class=\"function\"><\/div>\n<div class=\"name-header\">\n\t<h5>Nom<\/h5>\n<\/div>\n<div class=\"name\">_ga_9Q6H0QETRF<\/div>\n<div class=\"retention-header\">\n\t<h5>Caducitat<\/h5>\n<\/div>\n<div class=\"retention\"><\/div>\n<div class=\"function-header\">\n\t<h5>Funci\u00f3<\/h5>\n<\/div>\n<div class=\"function\"><\/div>\n<div class=\"name-header\">\n\t<h5>Nom<\/h5>\n<\/div>\n<div class=\"name\">_gat<\/div>\n<div class=\"retention-header\">\n\t<h5>Caducitat<\/h5>\n<\/div>\n<div class=\"retention\"><\/div>\n<div class=\"function-header\">\n\t<h5>Funci\u00f3<\/h5>\n<\/div>\n<div class=\"function\"><\/div>\n<div class=\"name-header\">\n\t<h5>Nom<\/h5>\n<\/div>\n<div class=\"name\">e_kit-elements-defaults<\/div>\n<div class=\"retention-header\">\n\t<h5>Caducitat<\/h5>\n<\/div>\n<div class=\"retention\"><\/div>\n<div class=\"function-header\">\n\t<h5>Funci\u00f3<\/h5>\n<\/div>\n<div class=\"function\"><\/div>\n<div class=\"name-header\">\n\t<h5>Nom<\/h5>\n<\/div>\n<div class=\"name\">wp_lang<\/div>\n<div class=\"retention-header\">\n\t<h5>Caducitat<\/h5>\n<\/div>\n<div class=\"retention\"><\/div>\n<div class=\"function-header\">\n\t<h5>Funci\u00f3<\/h5>\n<\/div>\n<div class=\"function\"><\/div>\n<div class=\"name-header\">\n\t<h5>Nom<\/h5>\n<\/div>\n<div class=\"name\">jetpack-ai-jwt<\/div>\n<div class=\"retention-header\">\n\t<h5>Caducitat<\/h5>\n<\/div>\n<div class=\"retention\"><\/div>\n<div class=\"function-header\">\n\t<h5>Funci\u00f3<\/h5>\n<\/div>\n<div class=\"function\"><\/div>\n\n<\/div>\n<\/details>\n<\/div><h2>7. Consentiment<\/h2><p>Quan visiteu el nostre lloc web per primera vegada, us mostrarem un missatge emergent amb una explicaci\u00f3 sobre les cookies. Tan bon punt com feu clic a \"Guardar preferencias\", ens consentiu a utilitzar les categories de cookies i extensions que heu seleccionat al missatge emergent, tal i com es descriu en aquesta Pol\u00edtica de cookies. Podeu desactivar l\u2019\u00fas de cookies a trav\u00e9s del vostre navegador, per\u00f2 tingueu en compte que pot ser que el nostre lloc web ja no funcioni correctament.<\/p><p class=\"cmplz-subtitle\">7.1 Gestioneu les vostres prefer\u00e8ncies de consentiment<\/p><div id=\"cmplz-manage-consent-container-nojavascript\">You have loaded the Cookie Policy without javascript support.&nbsp;On AMP, you can use the manage consent button on the bottom of the page.<\/div><div id=\"cmplz-manage-consent-container\" class=\"cmplz-manage-consent-container\"><\/div><h2>8. Activaci\u00f3 \/ desactivaci\u00f3 i eliminaci\u00f3 de cookies<\/h2><p>Podeu utilitzar el navegador per a esborrar les cookies autom\u00e0ticament o manualment. A m\u00e9s, podeu especificar que determinades cookies no siguin col\u00b7locades. Una altra opci\u00f3 \u00e9s canviar les prefer\u00e8ncies del vostre navegador per a rebre un missatge cada cop que una cookie \u00e9s col\u00b7locada. Per a m\u00e9s informaci\u00f3, podeu consultar les instruccions a l'Ajuda del vostre navegador.<\/p><p>Tingueu en compte que el nostre lloc web pot no funcionar correctament si totes les cookies estan desactivades. Si suprimiu les cookies del navegador, se'n crearan de noves despr\u00e9s del vostre consentiment quan torneu a visitar els nostres llocs web.<\/p><h2>9. Els vostres drets respecte de les dades personals<\/h2><p>Teniu els drets seg\u00fcents respecte a les vostres dades personals:<\/p><ul>\n                    <li>Teniu dret a saber per qu\u00e8 es necessiten les vostres dades personals, qu\u00e8 li passar\u00e0 i quant de temps es mantindr\u00e0.<\/li>\n                    <li>Dret d'acc\u00e9s: teniu dret a accedir a les vostres dades personals que ens s\u00f3n conegudes.<\/li>\n                    <li>Dret de rectificaci\u00f3: teniu dret a completar, corregir, suprimir o bloquejar les vostres dades personals sempre que ho desitgeu.<\/li>\n                    <li>Si ens doneu el consentiment per processar les seves dades, teniu el dret de revocar aquest consentiment i de suprimir les vostres dades personals.<\/li>\n                    <li>Dret de transferir les vostres dades: teniu el dret de sol\u00b7licitar totes les dades personals del controlador i transferir-les en la seva totalitat a un altre controlador.<\/li>\n                    <li>Dret a l'oposici\u00f3: podeu oposar-vos al processament de les vostres dades. Complim amb aix\u00f2, tret que hi hagi motius justificats per al processament.<\/li>\n                <\/ul><p>Per exercir aquests drets, poseu-vos en contacte amb nosaltres. Consulteu les dades de contacte a la part inferior d'aquesta Pol\u00edtica de cookies. Si teniu una queixa sobre com gestionem les vostres dades, ens agradaria escoltar-vos, per\u00f2 tamb\u00e9 teniu el dret de presentar una reclamaci\u00f3 a l'autoritat de supervisi\u00f3 (l'Ag\u00e8ncia de Protecci\u00f3 de Dades).<\/p><h2>10. Detalls de contacte<\/h2><p>Per a preguntes i\/o comentaris sobre la nostra Pol\u00edtica de cookies i aquesta declaraci\u00f3, poseu-vos en contacte amb nosaltres mitjan\u00e7ant les seg\u00fcents dades de contacte:<\/p><p><span class=\"cmplz-contact-organisation\">Manuela Calderon Navarro<\/span><br>\n                      <span class=\"cmplz-contact-address\">Carrer Empar Nadal, 11 local 343881 Cunit, Tarragona<\/span><br>\n                      <span class=\"cmplz-contact-country\">Espanya<\/span><br>\n                    Lloc web: <span class=\"cmplz-contact-domain\"><a href=\"https:\/\/serveisnela.com\/ca\">https:\/\/serveisnela.com\/ca<\/a><\/span><br>\n                    Correu electr\u00f2nic: <span class=\"cmplz-contact-email\">&#105;nfo&#064;se&#114;vei&#115;n&#101;l&#097;.&#099;om<\/span><br>\n                    <span class=\"cmplz-contact-telephone\">N\u00famero de tel\u00e8fon: 649 539 423<\/span><\/p><p>Aquesta pol\u00edtica de cookies s'ha sincronitzat amb <a href=\"https:\/\/cookiedatabase.org\/\" target=\"_blank\">cookiedatabase.org<\/a> el 03\/04\/2026<\/p><\/div>","protected":false},"excerpt":{"rendered":"","protected":false},"author":1,"featured_media":0,"parent":0,"menu_order":0,"comment_status":"closed","ping_status":"closed","template":"","meta":{"footnotes":""},"class_list":["post-24465","page","type-page","status-publish","hentry"],"jetpack_sharing_enabled":true,"_links":{"self":[{"href":"https:\/\/serveisnela.com\/ca\/wp-json\/wp\/v2\/pages\/24465"}],"collection":[{"href":"https:\/\/serveisnela.com\/ca\/wp-json\/wp\/v2\/pages"}],"about":[{"href":"https:\/\/serveisnela.com\/ca\/wp-json\/wp\/v2\/types\/page"}],"author":[{"embeddable":true,"href":"https:\/\/serveisnela.com\/ca\/wp-json\/wp\/v2\/users\/1"}],"replies":[{"embeddable":true,"href":"https:\/\/serveisnela.com\/ca\/wp-json\/wp\/v2\/comments?post=24465"}],"version-history":[{"count":0,"href":"https:\/\/serveisnela.com\/ca\/wp-json\/wp\/v2\/pages\/24465\/revisions"}],"wp:attachment":[{"href":"https:\/\/serveisnela.com\/ca\/wp-json\/wp\/v2\/media?parent=24465"}],"curies":[{"name":"wp","href":"https:\/\/api.w.org\/{rel}","templated":true}]}}