{"id":24468,"date":"2023-11-10T18:40:33","date_gmt":"2023-11-10T17:40:33","guid":{"rendered":"https:\/\/serveisnela.com\/descargo-de-responsabilidad\/"},"modified":"2023-11-10T19:10:43","modified_gmt":"2023-11-10T18:10:43","slug":"descargo-de-responsabilidad","status":"publish","type":"page","link":"https:\/\/serveisnela.com\/ca\/descargo-de-responsabilidad\/","title":{"rendered":"Descargo de responsabilidad"},"content":{"rendered":"<!-- Legal document generated by Complianz | GDPR\/CCPA Cookie Consent https:\/\/wordpress.org\/plugins\/complianz-gdpr -->\n<div id=\"cmplz-document\" class=\"cmplz-document disclaimer cmplz-document-all\"><p>Manuela Calderon Navarro es compromet a mantenir aquest lloc web actualitzat i prec\u00eds. No obstant aix\u00f2, si us trobeu amb alguna cosa incorrecta o obsoleta, agrair\u00edem que ens ho feu saber. Indiqueu on heu llegit la informaci\u00f3 al lloc web. A continuaci\u00f3, ho analitzarem el m\u00e9s aviat possible. Envieu la vostra resposta per correu electr\u00f2nic a: in&#102;&#111;&#064;serve&#105;sn&#101;la.&#099;&#111;m.<\/p><p>We are not liable for loss as a result of inaccuracies or incompleteness, nor for loss resulting from problems caused by or inherent to the dissemination of information through the internet, such as disruptions or interruptions. When using web forms, we strive to limit the number of required fields to a minimum. For any loss suffered as a result of the use of data, advice or ideas provided by or on behalf of Manuela Calderon Navarro via this website, Manuela Calderon Navarro accepts no liability.<\/p><p>Manuela Calderon Navarro no assumeix cap responsabilitat pel contingut dels llocs web als quals es faci refer\u00e8ncia a un hiperenlla\u00e7 o una altra refer\u00e8ncia. Els productes o serveis oferts per tercers estaran subjectes als termes i condicions aplicables d\u2019aquests tercers.<\/p><p>All intellectual property rights to content on this website are vested in Manuela Calderon Navarro.<\/p><p>Copying, disseminating and any other use of these materials is not permitted without the written permission of Manuela Calderon Navarro, except and only insofar as otherwise stipulated in regulations of mandatory law (such as the right to quote), unless specific content dictates otherwise.<\/p><p>If you have any questions or problems with the accessibility of the website, please do not hesitate to contact us.<\/p><\/div>","protected":false},"excerpt":{"rendered":"","protected":false},"author":1,"featured_media":0,"parent":0,"menu_order":0,"comment_status":"closed","ping_status":"closed","template":"","meta":{"footnotes":""},"class_list":["post-24468","page","type-page","status-publish","hentry"],"jetpack_sharing_enabled":true,"_links":{"self":[{"href":"https:\/\/serveisnela.com\/ca\/wp-json\/wp\/v2\/pages\/24468"}],"collection":[{"href":"https:\/\/serveisnela.com\/ca\/wp-json\/wp\/v2\/pages"}],"about":[{"href":"https:\/\/serveisnela.com\/ca\/wp-json\/wp\/v2\/types\/page"}],"author":[{"embeddable":true,"href":"https:\/\/serveisnela.com\/ca\/wp-json\/wp\/v2\/users\/1"}],"replies":[{"embeddable":true,"href":"https:\/\/serveisnela.com\/ca\/wp-json\/wp\/v2\/comments?post=24468"}],"version-history":[{"count":0,"href":"https:\/\/serveisnela.com\/ca\/wp-json\/wp\/v2\/pages\/24468\/revisions"}],"wp:attachment":[{"href":"https:\/\/serveisnela.com\/ca\/wp-json\/wp\/v2\/media?parent=24468"}],"curies":[{"name":"wp","href":"https:\/\/api.w.org\/{rel}","templated":true}]}}