{"id":25462,"date":"2024-11-10T00:09:02","date_gmt":"2024-11-09T23:09:02","guid":{"rendered":"https:\/\/serveisnela.com\/?page_id=25462"},"modified":"2024-11-10T01:30:33","modified_gmt":"2024-11-10T00:30:33","slug":"inicio","status":"publish","type":"page","link":"https:\/\/serveisnela.com\/ca\/","title":{"rendered":"Inici"},"content":{"rendered":"<div data-elementor-type=\"wp-page\" data-elementor-id=\"25462\" class=\"elementor elementor-25462\">\n\t\t\t\t<div class=\"elementor-element elementor-element-8e53d86 e-con-full e-flex e-con e-parent\" data-id=\"8e53d86\" data-element_type=\"container\" data-settings=\"{&quot;background_background&quot;:&quot;slideshow&quot;,&quot;background_slideshow_gallery&quot;:[{&quot;id&quot;:19755,&quot;url&quot;:&quot;https:\\\/\\\/serveisnela.com\\\/wp-content\\\/uploads\\\/2021\\\/11\\\/IMG-20180406-WA0012.jpg&quot;}],&quot;background_slideshow_slide_duration&quot;:5000,&quot;background_slideshow_slide_transition&quot;:&quot;fade&quot;,&quot;background_slideshow_transition_duration&quot;:500}\">\n\t\t<div class=\"elementor-element elementor-element-3b82c1b e-con-full e-flex e-con e-child\" data-id=\"3b82c1b\" data-element_type=\"container\" data-settings=\"{&quot;background_background&quot;:&quot;classic&quot;}\">\n\t\t\t\t<div class=\"elementor-element elementor-element-77e67d4 elementor-widget elementor-widget-heading\" data-id=\"77e67d4\" data-element_type=\"widget\" data-widget_type=\"heading.default\">\n\t\t\t\t<div class=\"elementor-widget-container\">\n\t\t\t<h2 class=\"elementor-heading-title elementor-size-default\"><a href=\"https:\/\/serveisnela.com\/ca\/inmobiliaria\/\">Immobili\u00e0ria<\/a><\/h2>\t\t<\/div>\n\t\t\t\t<\/div>\n\t\t\t\t<div class=\"elementor-element elementor-element-68da724 elementor-widget elementor-widget-image\" data-id=\"68da724\" data-element_type=\"widget\" data-widget_type=\"image.default\">\n\t\t\t\t<div class=\"elementor-widget-container\">\n\t\t\t\t\t\t\t\t\t\t\t\t\t\t<a href=\"https:\/\/serveisnela.com\/ca\/inmobiliaria\/\">\n\t\t\t\t\t\t\t<img fetchpriority=\"high\" decoding=\"async\" width=\"525\" height=\"328\" src=\"https:\/\/serveisnela.com\/wp-content\/uploads\/2021\/12\/Casas-2-3-525x328.webp\" class=\"attachment-property_listings size-property_listings wp-image-20169\" alt=\"\" srcset=\"https:\/\/serveisnela.com\/wp-content\/uploads\/2021\/12\/Casas-2-3-525x328.webp 525w, https:\/\/serveisnela.com\/wp-content\/uploads\/2021\/12\/Casas-2-3-18x10.webp 18w\" sizes=\"(max-width: 525px) 100vw, 525px\" \/>\t\t\t\t\t\t\t\t<\/a>\n\t\t\t\t\t\t\t\t\t\t\t\t\t<\/div>\n\t\t\t\t<\/div>\n\t\t\t\t<div class=\"elementor-element elementor-element-6218acf elementor-widget elementor-widget-text-editor\" data-id=\"6218acf\" data-element_type=\"widget\" data-widget_type=\"text-editor.default\">\n\t\t\t\t<div class=\"elementor-widget-container\">\n\t\t\t\t\t\t\t<ul><li style=\"text-align: left;\">Compra\/venda (no treballem amb exclusivitat)<\/li><li>Lloguer<\/li><li>Lloguer de vacances<\/li><li style=\"text-align: left;\">Reformes<\/li><li>Finan\u00e7ament a mida<\/li><\/ul>\t\t\t\t\t\t<\/div>\n\t\t\t\t<\/div>\n\t\t\t\t<\/div>\n\t\t<div class=\"elementor-element elementor-element-ba19956 e-con-full e-flex e-con e-child\" data-id=\"ba19956\" data-element_type=\"container\" data-settings=\"{&quot;background_background&quot;:&quot;classic&quot;}\">\n\t\t\t\t<div class=\"elementor-element elementor-element-17fdf3f elementor-widget elementor-widget-heading\" data-id=\"17fdf3f\" data-element_type=\"widget\" data-widget_type=\"heading.default\">\n\t\t\t\t<div class=\"elementor-widget-container\">\n\t\t\t<h2 class=\"elementor-heading-title elementor-size-default\">Serveis<\/h2>\t\t<\/div>\n\t\t\t\t<\/div>\n\t\t\t\t<div class=\"elementor-element elementor-element-a56bb49 elementor-widget elementor-widget-image\" data-id=\"a56bb49\" data-element_type=\"widget\" data-widget_type=\"image.default\">\n\t\t\t\t<div class=\"elementor-widget-container\">\n\t\t\t\t\t\t\t\t\t\t\t\t\t<img decoding=\"async\" width=\"525\" height=\"328\" src=\"https:\/\/serveisnela.com\/wp-content\/uploads\/2024\/11\/2.jpg\" class=\"attachment-property_listings size-property_listings wp-image-25493\" alt=\"\" srcset=\"https:\/\/serveisnela.com\/wp-content\/uploads\/2024\/11\/2.jpg 525w, https:\/\/serveisnela.com\/wp-content\/uploads\/2024\/11\/2-300x187.jpg 300w, https:\/\/serveisnela.com\/wp-content\/uploads\/2024\/11\/2-18x12.jpg 18w\" sizes=\"(max-width: 525px) 100vw, 525px\" \/>\t\t\t\t\t\t\t\t\t\t\t\t\t<\/div>\n\t\t\t\t<\/div>\n\t\t\t\t<div class=\"elementor-element elementor-element-35f8165 elementor-widget elementor-widget-text-editor\" data-id=\"35f8165\" data-element_type=\"widget\" data-widget_type=\"text-editor.default\">\n\t\t\t\t<div class=\"elementor-widget-container\">\n\t\t\t\t\t\t\t<ul><li>Neteja<\/li><li>Declaracions de renda<\/li><li>Canvis de nom de vehicles<\/li><li>C\u00e8dules d'habitabilitat ( de franc si v\u00e9ns amb nosaltres )<\/li><li>Certificats d'efici\u00e8ncia energ\u00e8tica ( de franc si v\u00e9ns amb nosaltres )<\/li><\/ul><p>\u00a0<\/p>\t\t\t\t\t\t<\/div>\n\t\t\t\t<\/div>\n\t\t\t\t<\/div>\n\t\t<div class=\"elementor-element elementor-element-29fcb13 e-con-full e-flex e-con e-child\" data-id=\"29fcb13\" data-element_type=\"container\" data-settings=\"{&quot;background_background&quot;:&quot;classic&quot;}\">\n\t\t\t\t<div class=\"elementor-element elementor-element-e633fd6 elementor-widget elementor-widget-heading\" data-id=\"e633fd6\" data-element_type=\"widget\" data-widget_type=\"heading.default\">\n\t\t\t\t<div class=\"elementor-widget-container\">\n\t\t\t<h2 class=\"elementor-heading-title elementor-size-default\">Jardineria<\/h2>\t\t<\/div>\n\t\t\t\t<\/div>\n\t\t\t\t<div class=\"elementor-element elementor-element-8b1e43c elementor-widget elementor-widget-image\" data-id=\"8b1e43c\" data-element_type=\"widget\" data-widget_type=\"image.default\">\n\t\t\t\t<div class=\"elementor-widget-container\">\n\t\t\t\t\t\t\t\t\t\t\t\t\t<img decoding=\"async\" width=\"1000\" height=\"667\" src=\"https:\/\/serveisnela.com\/wp-content\/uploads\/2021\/11\/jardineria-1.webp\" class=\"attachment-large size-large wp-image-19386\" alt=\"\" srcset=\"https:\/\/serveisnela.com\/wp-content\/uploads\/2021\/11\/jardineria-1.webp 1000w, https:\/\/serveisnela.com\/wp-content\/uploads\/2021\/11\/jardineria-1-300x200.webp 300w, https:\/\/serveisnela.com\/wp-content\/uploads\/2021\/11\/jardineria-1-768x512.webp 768w, https:\/\/serveisnela.com\/wp-content\/uploads\/2021\/11\/jardineria-1-18x12.webp 18w, https:\/\/serveisnela.com\/wp-content\/uploads\/2021\/11\/jardineria-1-105x70.webp 105w\" sizes=\"(max-width: 1000px) 100vw, 1000px\" \/>\t\t\t\t\t\t\t\t\t\t\t\t\t<\/div>\n\t\t\t\t<\/div>\n\t\t\t\t<div class=\"elementor-element elementor-element-7a42ad1 elementor-widget elementor-widget-text-editor\" data-id=\"7a42ad1\" data-element_type=\"widget\" data-widget_type=\"text-editor.default\">\n\t\t\t\t<div class=\"elementor-widget-container\">\n\t\t\t\t\t\t\t<ul><li>Disseny i manteniments de jardins<\/li><li>Poda<\/li><li>Tractaments fitosanitaris\u00a0<\/li><li>Gespa artificial<\/li><\/ul>\t\t\t\t\t\t<\/div>\n\t\t\t\t<\/div>\n\t\t\t\t<\/div>\n\t\t<div class=\"elementor-element elementor-element-f515eb7 e-con-full e-flex e-con e-child\" data-id=\"f515eb7\" data-element_type=\"container\" data-settings=\"{&quot;background_background&quot;:&quot;classic&quot;}\">\n\t\t\t\t<div class=\"elementor-element elementor-element-d4087bb elementor-widget elementor-widget-heading\" data-id=\"d4087bb\" data-element_type=\"widget\" data-widget_type=\"heading.default\">\n\t\t\t\t<div class=\"elementor-widget-container\">\n\t\t\t<h2 class=\"elementor-heading-title elementor-size-default\">Assegurances<\/h2>\t\t<\/div>\n\t\t\t\t<\/div>\n\t\t\t\t<div class=\"elementor-element elementor-element-445698f elementor-widget elementor-widget-image\" data-id=\"445698f\" data-element_type=\"widget\" data-widget_type=\"image.default\">\n\t\t\t\t<div class=\"elementor-widget-container\">\n\t\t\t\t\t\t\t\t\t\t\t\t\t<img loading=\"lazy\" decoding=\"async\" width=\"900\" height=\"600\" src=\"https:\/\/serveisnela.com\/wp-content\/uploads\/2021\/11\/recomendaciones-para-contratar-un-seguro-de-vida.webp\" class=\"attachment-large size-large wp-image-19329\" alt=\"\" srcset=\"https:\/\/serveisnela.com\/wp-content\/uploads\/2021\/11\/recomendaciones-para-contratar-un-seguro-de-vida.webp 900w, https:\/\/serveisnela.com\/wp-content\/uploads\/2021\/11\/recomendaciones-para-contratar-un-seguro-de-vida-300x200.webp 300w, https:\/\/serveisnela.com\/wp-content\/uploads\/2021\/11\/recomendaciones-para-contratar-un-seguro-de-vida-768x512.webp 768w, https:\/\/serveisnela.com\/wp-content\/uploads\/2021\/11\/recomendaciones-para-contratar-un-seguro-de-vida-18x12.webp 18w, https:\/\/serveisnela.com\/wp-content\/uploads\/2021\/11\/recomendaciones-para-contratar-un-seguro-de-vida-105x70.webp 105w\" sizes=\"(max-width: 900px) 100vw, 900px\" \/>\t\t\t\t\t\t\t\t\t\t\t\t\t<\/div>\n\t\t\t\t<\/div>\n\t\t\t\t<div class=\"elementor-element elementor-element-7de0172 elementor-widget elementor-widget-text-editor\" data-id=\"7de0172\" data-element_type=\"widget\" data-widget_type=\"text-editor.default\">\n\t\t\t\t<div class=\"elementor-widget-container\">\n\t\t\t\t\t\t\t<ul><li>Habitatge<\/li><li>Automoci\u00f3<\/li><li>Vida i salut<\/li><li>Decessos<\/li><\/ul>\t\t\t\t\t\t<\/div>\n\t\t\t\t<\/div>\n\t\t\t\t<\/div>\n\t\t\t\t<\/div>\n\t\t\t\t<\/div>","protected":false},"excerpt":{"rendered":"<p>Inmobiliaria Compra\/venta (no trabajamos con exclusividad) Alquiler Alquiler vacacional Reformas Financiaci\u00f3n a medida Servicios Limpieza Declaraciones de renta Cambios de nombre de veh\u00edculos C\u00e9dulas de habitabilidad (gratis si vendes con nosotros) Certificados de eficiencia energ\u00e9tica (gratis si vendes con nosotros ) \u00a0 Jardiner\u00eda Dise\u00f1o y mantenimientos de jardines Poda Tratamientos fitosanitarios\u00a0 C\u00e9sped artificial Seguros Vivienda Automoci\u00f3n Vida y salud Decesos<\/p>","protected":false},"author":1,"featured_media":0,"parent":0,"menu_order":0,"comment_status":"closed","ping_status":"closed","template":"elementor_header_footer","meta":{"footnotes":""},"class_list":["post-25462","page","type-page","status-publish","hentry"],"jetpack_sharing_enabled":true,"_links":{"self":[{"href":"https:\/\/serveisnela.com\/ca\/wp-json\/wp\/v2\/pages\/25462"}],"collection":[{"href":"https:\/\/serveisnela.com\/ca\/wp-json\/wp\/v2\/pages"}],"about":[{"href":"https:\/\/serveisnela.com\/ca\/wp-json\/wp\/v2\/types\/page"}],"author":[{"embeddable":true,"href":"https:\/\/serveisnela.com\/ca\/wp-json\/wp\/v2\/users\/1"}],"replies":[{"embeddable":true,"href":"https:\/\/serveisnela.com\/ca\/wp-json\/wp\/v2\/comments?post=25462"}],"version-history":[{"count":57,"href":"https:\/\/serveisnela.com\/ca\/wp-json\/wp\/v2\/pages\/25462\/revisions"}],"predecessor-version":[{"id":25523,"href":"https:\/\/serveisnela.com\/ca\/wp-json\/wp\/v2\/pages\/25462\/revisions\/25523"}],"wp:attachment":[{"href":"https:\/\/serveisnela.com\/ca\/wp-json\/wp\/v2\/media?parent=25462"}],"curies":[{"name":"wp","href":"https:\/\/api.w.org\/{rel}","templated":true}]}}